{"id":1567,"date":"2021-07-05T12:48:03","date_gmt":"2021-07-05T15:48:03","guid":{"rendered":"http:\/\/foccusmedical.com.br\/?page_id=1567"},"modified":"2021-07-06T13:43:14","modified_gmt":"2021-07-06T16:43:14","slug":"aviso-de-privacidade","status":"publish","type":"page","link":"https:\/\/foccusmedical.com.br\/en\/aviso-de-privacidade\/","title":{"rendered":"(&nbsp;) Aviso de Privacidade"},"content":{"rendered":"<p class=\"qtranxs-available-languages-message qtranxs-available-languages-message-en\">Sorry, this entry is only available in <a href=\"https:\/\/foccusmedical.com.br\/pb\/wp-json\/wp\/v2\/pages\/1567\" class=\"qtranxs-available-language-link qtranxs-available-language-link-pb\" title=\"&nbsp;\">&nbsp;<\/a>. For the sake of viewer convenience, the content is shown below in the alternative language. You may click the link to switch the active language.<\/p><p><span style=\"font-weight: 400;\">As informa\u00e7\u00f5es enviadas ao site ou recebidas dele s\u00e3o particulares e seguras. O site possui seguran\u00e7a com certificado emitido pela ESET SSL Filter CA que garante e prova a identidade de um computador remoto.<\/span><br \/>\n<br \/>\n<b>1. Coleta de Informa\u00e7\u00f5es\u00a0<\/b><\/p>\n<p><span style=\"font-weight: 400;\">A <\/span><i><span style=\"font-weight: 400;\">Foccus Medical<\/span><\/i><span style=\"font-weight: 400;\"> n\u00e3o coleta informa\u00e7\u00f5es por envio do <\/span><b>usu\u00e1rio<\/b><span style=\"font-weight: 400;\"> e nem mesmo por qualquer uso de nossos servi\u00e7os atrav\u00e9s de nosso site.<\/span><b>\u00a0<\/b><br \/>\n<br \/>\n<b>2. Disposi\u00e7\u00e3o Geral\u00a0<\/b><\/p>\n<p><span style=\"font-weight: 400;\">A <\/span><i><span style=\"font-weight: 400;\">Foccus Medical<\/span><\/i><span style=\"font-weight: 400;\"> nunca solicita informa\u00e7\u00e3o via site, seja para sanar d\u00favidas ou obter esclarecimentos.<\/span><\/p>\n<p><span style=\"font-weight: 400;\">Ao navegar por este site o <\/span><b>usu\u00e1rio<\/b><span style=\"font-weight: 400;\"> automaticamente declara sua plena, integral e irrestrita concord\u00e2ncia com as condi\u00e7\u00f5es previstas neste Aviso de Privacidade, sendo vedada sua utiliza\u00e7\u00e3o caso n\u00e3o esteja de acordo.<\/span><br \/>\n<br \/>\n<b>3. Atualiza\u00e7\u00f5es deste Aviso de Privacidade<\/b><\/p>\n<p><span style=\"font-weight: 400;\">Estamos em constante aprimoramento, por isso este Aviso de Privacidade poder\u00e1 ser atualizado, visando prover ao <\/span><b>usu\u00e1rio<\/b><span style=\"font-weight: 400;\"> mais seguran\u00e7a, conveni\u00eancia e melhorar o provimento do site. Sendo assim, recomendamos que o <\/span><b>usu\u00e1rio<\/b><span style=\"font-weight: 400;\"> acesse nosso Aviso de Privacidade periodicamente, para que tenha conhecimento sobre eventuais modifica\u00e7\u00f5es.<\/span><br \/>\n<br \/>\n<b>4. Legisla\u00e7\u00e3o e Foro<\/b><\/p>\n<p><span style=\"font-weight: 400;\">Este Aviso de Privacidade \u00e9 regido, interpretado e executado de acordo com as Leis da Rep\u00fablica Federativa do Brasil, especialmente a Lei Federal n\u00ba 13.709\/2018, independentemente das Leis de outros estados ou pa\u00edses, sendo competente o foro de domic\u00edlio do <\/span><b>usu\u00e1rio<\/b><span style=\"font-weight: 400;\"> para dirimir qualquer d\u00favida decorrente deste documento.<\/span><br \/>\n<br \/>\n<b>5. Disposi\u00e7\u00f5es Finais<\/b><\/p>\n<p><span style=\"font-weight: 400;\">O presente Aviso de Privacidade \u00e9 meramente informativo, portanto, n\u00e3o \u00e9 fonte de obriga\u00e7\u00f5es para os <\/span><b>usu\u00e1rios<\/b><span style=\"font-weight: 400;\"> do site.<\/span><\/p>\n<p><span style=\"font-weight: 400;\">Caso o <\/span><b>usu\u00e1rio<\/b><span style=\"font-weight: 400;\"> identifique ou tome conhecimento de algo que comprometa a seguran\u00e7a dos dados pessoais, a <\/span><i><span style=\"font-weight: 400;\">Foccus Medical<\/span><\/i><span style=\"font-weight: 400;\"> solicita que entre em contato atrav\u00e9s dos meios abaixo:<br \/>\n<\/span><br \/>\n<\/p>\n<ul>\n<li style=\"font-weight: 400;\" aria-level=\"1\"><b>E-mail:<\/b> <a href=\"mailto:dpo@foccusmedical.com.br\"><span style=\"font-weight: 400;\">dpo@foccusmedical.com.br<\/span><\/a><\/li>\n<li style=\"font-weight: 400;\" aria-level=\"1\"><b>Encarregado de Dados:<\/b><span style=\"font-weight: 400;\"> Vivian Menocci<\/span><\/li>\n<li><b>Telefone:<\/b><span style=\"font-weight: 400;\"> (11) 5085-2440<\/span><\/li>\n<\/ul>\n<p><\/p>","protected":false},"excerpt":{"rendered":"<p>Sorry, this entry is only available in &nbsp;. For the sake of viewer convenience, the content is shown below in the alternative language. You may click the link [&hellip;]<\/p>\n","protected":false},"author":5,"featured_media":117,"parent":0,"menu_order":0,"comment_status":"closed","ping_status":"closed","template":"","meta":{"footnotes":""},"class_list":["post-1567","page","type-page","status-publish","has-post-thumbnail","hentry"],"_links":{"self":[{"href":"https:\/\/foccusmedical.com.br\/en\/wp-json\/wp\/v2\/pages\/1567","targetHints":{"allow":["GET"]}}],"collection":[{"href":"https:\/\/foccusmedical.com.br\/en\/wp-json\/wp\/v2\/pages"}],"about":[{"href":"https:\/\/foccusmedical.com.br\/en\/wp-json\/wp\/v2\/types\/page"}],"author":[{"embeddable":true,"href":"https:\/\/foccusmedical.com.br\/en\/wp-json\/wp\/v2\/users\/5"}],"replies":[{"embeddable":true,"href":"https:\/\/foccusmedical.com.br\/en\/wp-json\/wp\/v2\/comments?post=1567"}],"version-history":[{"count":0,"href":"https:\/\/foccusmedical.com.br\/en\/wp-json\/wp\/v2\/pages\/1567\/revisions"}],"wp:featuredmedia":[{"embeddable":true,"href":"https:\/\/foccusmedical.com.br\/en\/wp-json\/wp\/v2\/media\/117"}],"wp:attachment":[{"href":"https:\/\/foccusmedical.com.br\/en\/wp-json\/wp\/v2\/media?parent=1567"}],"curies":[{"name":"wp","href":"https:\/\/api.w.org\/{rel}","templated":true}]}}